{"id":376,"date":"2026-05-03T20:12:35","date_gmt":"2026-05-04T01:12:35","guid":{"rendered":"https:\/\/www.geoxpert.com.pe\/?page_id=376"},"modified":"2026-05-04T23:01:33","modified_gmt":"2026-05-05T04:01:33","slug":"blog","status":"publish","type":"page","link":"https:\/\/www.geoxpert.com.pe\/?page_id=376","title":{"rendered":"Blog"},"content":{"rendered":"\t\t<div data-elementor-type=\"wp-page\" data-elementor-id=\"376\" class=\"elementor elementor-376\" data-elementor-post-type=\"page\">\n\t\t\t\t<div class=\"elementor-element elementor-element-be4c838 e-flex e-con-boxed e-con e-parent\" data-id=\"be4c838\" data-element_type=\"container\" data-e-type=\"container\" data-settings=\"{&quot;background_background&quot;:&quot;classic&quot;}\">\n\t\t\t\t\t<div class=\"e-con-inner\">\n\t\t<div class=\"elementor-element elementor-element-e206226 e-con-full e-flex elementor-invisible e-con e-child\" data-id=\"e206226\" data-element_type=\"container\" data-e-type=\"container\" data-settings=\"{&quot;animation&quot;:&quot;fadeInUp&quot;}\">\n\t\t\t\t<div class=\"elementor-element elementor-element-cbdfb7a elementor-widget elementor-widget-heading\" data-id=\"cbdfb7a\" data-element_type=\"widget\" data-e-type=\"widget\" data-widget_type=\"heading.default\">\n\t\t\t\t\t<h2 class=\"elementor-heading-title elementor-size-default\">Blog<\/h2>\t\t\t\t<\/div>\n\t\t\t\t<div class=\"elementor-element elementor-element-66b004e elementor-widget elementor-widget-text-editor\" data-id=\"66b004e\" data-element_type=\"widget\" data-e-type=\"widget\" data-widget_type=\"text-editor.default\">\n\t\t\t\t\t\t\t\t\t<p>En este espacio compartiremos nuestros casos de \u00e9xito, las novedades de la industria, informaci\u00f3n educativa de gran relevancia y lecturas que seguramente ser\u00e1n de mucha importancia.<\/p>\t\t\t\t\t\t\t\t<\/div>\n\t\t\t\t<\/div>\n\t\t\t\t\t<\/div>\n\t\t\t\t<\/div>\n\t\t<div class=\"elementor-element elementor-element-68ebce3d e-flex e-con-boxed e-con e-parent\" data-id=\"68ebce3d\" data-element_type=\"container\" data-e-type=\"container\" id=\"xs_blog_light_post_img_4\" data-settings=\"{&quot;background_background&quot;:&quot;classic&quot;}\">\n\t\t\t\t\t<div class=\"e-con-inner\">\n\t\t\t\t<div class=\"elementor-element elementor-element-6e4234 elementor-widget elementor-widget-elementskit-blog-posts\" data-id=\"6e4234\" data-element_type=\"widget\" data-e-type=\"widget\" data-widget_type=\"elementskit-blog-posts.default\">\n\t\t\t\t\t<div class=\"ekit-wid-con\" >\n        <div id=\"post-items--6e4234\" class=\"row post-items ekit-blog-posts-content wihout-masonry \" data-enable=\"no\">\n\n\t\t\t<!-- Blog Carousel markup render -->\n\t\t\t\n\n            <div class=\"col-lg-4 col-md-6\">\n\n                                    <div class=\"elementskit-post-image-card\">\n                        <div class=\"elementskit-entry-header\">\n                                                            <a href=\"https:\/\/www.geoxpert.com.pe\/?p=395\" class=\"elementskit-entry-thumb\">\n                                    <img decoding=\"async\" src=\"https:\/\/www.geoxpert.com.pe\/wp-content\/uploads\/2026\/04\/proyecto-selene.jpg\" alt=\"Art\u00edculo de prueba 3\">\n                                <\/a><!-- .elementskit-entry-thumb END -->\n                                                                                                    <div class=\"elementskit-meta-lists elementskit-style-tag\">\n                                        <div class=\"elementskit-single-meta triangle_left\"><span class=\"elementskit-meta-wraper\"><strong>03<\/strong>May<\/span><\/div>\n                                    <\/div>\n                                                                                            \n                            \n                                                    <\/div><!-- .elementskit-entry-header END -->\n\n                        <div class=\"elementskit-post-body \">\n                            \n                                                                                                                        \n                                        \n                                        \t\t\t\t\t\t\t\t\t\t                <h2 class=\"entry-title\">\n                    <a href=\"https:\/\/www.geoxpert.com.pe\/?p=395\">\n                            Art\u00edculo de prueba 3                    <\/a>\n                <\/h2>\n                                                                                                                                                    \t\t\t\t\t\t\t\t\t\t<p>Lorem Ipsum Dolor Sit Amet Lorem ipsum dolor sit amet, consectetur adipiscing elit. Curabitur vel sem metuss. Ut a ex non purus elementum convallis. Maecenas scelerisque imperdiet mi, a scelerisque&hellip;<\/p>\n                                                                                                                                                        <div class=\"btn-wraper\">\n                                    \n                                                                            <a href=\"https:\/\/www.geoxpert.com.pe\/?p=395\" class=\"elementskit-btn  whitespace--normal\" >\n                                                                                    Leer m\u00e1s                                        <\/a>\n                                                                    <\/div>\n                                                    <\/div><!-- .elementskit-post-body END -->\n                    <\/div>\n                \n            <\/div>\t\t\t\t\n\n            <div class=\"col-lg-4 col-md-6\">\n\n                                    <div class=\"elementskit-post-image-card\">\n                        <div class=\"elementskit-entry-header\">\n                                                            <a href=\"https:\/\/www.geoxpert.com.pe\/?p=393\" class=\"elementskit-entry-thumb\">\n                                    <img decoding=\"async\" src=\"https:\/\/www.geoxpert.com.pe\/wp-content\/uploads\/2026\/04\/proyecto-selene.jpg\" alt=\"Art\u00edculo de prueba 2\">\n                                <\/a><!-- .elementskit-entry-thumb END -->\n                                                                                                    <div class=\"elementskit-meta-lists elementskit-style-tag\">\n                                        <div class=\"elementskit-single-meta triangle_left\"><span class=\"elementskit-meta-wraper\"><strong>03<\/strong>May<\/span><\/div>\n                                    <\/div>\n                                                                                            \n                            \n                                                    <\/div><!-- .elementskit-entry-header END -->\n\n                        <div class=\"elementskit-post-body \">\n                            \n                                                                                                                        \n                                        \n                                        \t\t\t\t\t\t\t\t\t\t                <h2 class=\"entry-title\">\n                    <a href=\"https:\/\/www.geoxpert.com.pe\/?p=393\">\n                            Art\u00edculo de prueba 2                    <\/a>\n                <\/h2>\n                                                                                                                                                    \t\t\t\t\t\t\t\t\t\t<p>Lorem Ipsum Dolor Sit Amet Lorem ipsum dolor sit amet, consectetur adipiscing elit. Curabitur vel sem metuss. Ut a ex non purus elementum convallis. Maecenas scelerisque imperdiet mi, a scelerisque&hellip;<\/p>\n                                                                                                                                                        <div class=\"btn-wraper\">\n                                    \n                                                                            <a href=\"https:\/\/www.geoxpert.com.pe\/?p=393\" class=\"elementskit-btn  whitespace--normal\" >\n                                                                                    Leer m\u00e1s                                        <\/a>\n                                                                    <\/div>\n                                                    <\/div><!-- .elementskit-post-body END -->\n                    <\/div>\n                \n            <\/div>\t\t\t\t\n\n            <div class=\"col-lg-4 col-md-6\">\n\n                                    <div class=\"elementskit-post-image-card\">\n                        <div class=\"elementskit-entry-header\">\n                                                            <a href=\"https:\/\/www.geoxpert.com.pe\/?p=1\" class=\"elementskit-entry-thumb\">\n                                    <img decoding=\"async\" src=\"https:\/\/www.geoxpert.com.pe\/wp-content\/uploads\/2026\/04\/proyecto-selene.jpg\" alt=\"Art\u00edculo de prueba 1\">\n                                <\/a><!-- .elementskit-entry-thumb END -->\n                                                                                                    <div class=\"elementskit-meta-lists elementskit-style-tag\">\n                                        <div class=\"elementskit-single-meta triangle_left\"><span class=\"elementskit-meta-wraper\"><strong>30<\/strong>Abr<\/span><\/div>\n                                    <\/div>\n                                                                                            \n                            \n                                                    <\/div><!-- .elementskit-entry-header END -->\n\n                        <div class=\"elementskit-post-body \">\n                            \n                                                                                                                        \n                                        \n                                        \t\t\t\t\t\t\t\t\t\t                <h2 class=\"entry-title\">\n                    <a href=\"https:\/\/www.geoxpert.com.pe\/?p=1\">\n                            Art\u00edculo de prueba 1                    <\/a>\n                <\/h2>\n                                                                                                                                                    \t\t\t\t\t\t\t\t\t\t<p>Lorem Ipsum Dolor Sit Amet Lorem ipsum dolor sit amet, consectetur adipiscing elit. Curabitur vel sem metuss. Ut a ex non purus elementum convallis. Maecenas scelerisque imperdiet mi, a scelerisque&hellip;<\/p>\n                                                                                                                                                        <div class=\"btn-wraper\">\n                                    \n                                                                            <a href=\"https:\/\/www.geoxpert.com.pe\/?p=1\" class=\"elementskit-btn  whitespace--normal\" >\n                                                                                    Leer m\u00e1s                                        <\/a>\n                                                                    <\/div>\n                                                    <\/div><!-- .elementskit-post-body END -->\n                    <\/div>\n                \n            <\/div>\t\t\t\t        <\/div>\n\n\n                    <div\n            data-ekit-blog-post-style=\"simple\"\n            class=\"ekit-blog-post-pagination-container ekit-blog-post-pagination-style-simple\"\n            id=\"post-nagivation--6e4234\">\n                            <\/div>\n\n            <\/div>\t\t\t\t<\/div>\n\t\t\t\t\t<\/div>\n\t\t\t\t<\/div>\n\t\t\t\t<\/div>\n\t\t","protected":false},"excerpt":{"rendered":"<p>Blog En este espacio compartiremos nuestros casos de \u00e9xito, las novedades de la industria, informaci\u00f3n educativa de gran relevancia y lecturas que seguramente ser\u00e1n de mucha importancia. 03May Art\u00edculo de prueba 3 Lorem Ipsum Dolor Sit Amet Lorem ipsum dolor sit amet, consectetur adipiscing elit. Curabitur vel sem metuss. Ut a ex non purus elementum [&hellip;] <\/p>\n","protected":false},"author":1,"featured_media":0,"parent":0,"menu_order":0,"comment_status":"closed","ping_status":"closed","template":"elementor_header_footer","meta":{"footnotes":""},"class_list":["post-376","page","type-page","status-publish","hentry"],"_links":{"self":[{"href":"https:\/\/www.geoxpert.com.pe\/index.php?rest_route=\/wp\/v2\/pages\/376","targetHints":{"allow":["GET"]}}],"collection":[{"href":"https:\/\/www.geoxpert.com.pe\/index.php?rest_route=\/wp\/v2\/pages"}],"about":[{"href":"https:\/\/www.geoxpert.com.pe\/index.php?rest_route=\/wp\/v2\/types\/page"}],"author":[{"embeddable":true,"href":"https:\/\/www.geoxpert.com.pe\/index.php?rest_route=\/wp\/v2\/users\/1"}],"replies":[{"embeddable":true,"href":"https:\/\/www.geoxpert.com.pe\/index.php?rest_route=%2Fwp%2Fv2%2Fcomments&post=376"}],"version-history":[{"count":19,"href":"https:\/\/www.geoxpert.com.pe\/index.php?rest_route=\/wp\/v2\/pages\/376\/revisions"}],"predecessor-version":[{"id":468,"href":"https:\/\/www.geoxpert.com.pe\/index.php?rest_route=\/wp\/v2\/pages\/376\/revisions\/468"}],"wp:attachment":[{"href":"https:\/\/www.geoxpert.com.pe\/index.php?rest_route=%2Fwp%2Fv2%2Fmedia&parent=376"}],"curies":[{"name":"wp","href":"https:\/\/api.w.org\/{rel}","templated":true}]}}